{"id":2258,"date":"2015-05-26T11:02:45","date_gmt":"2015-05-26T11:02:45","guid":{"rendered":"http:\/\/themes.muffingroup.com\/be\/showcase\/?page_id=2"},"modified":"2019-10-29T14:20:06","modified_gmt":"2019-10-29T14:20:06","slug":"home","status":"publish","type":"page","link":"https:\/\/stickers-etiquettes.ch\/","title":{"rendered":"Stickers \u00e9tiquettes &#8211; \u00e9tiquettes autocollantes sur-mesures \u00e0 coller partout"},"content":{"rendered":"","protected":false},"excerpt":{"rendered":"","protected":false},"author":1,"featured_media":0,"parent":0,"menu_order":0,"comment_status":"closed","ping_status":"closed","template":"","meta":[],"yoast_head":"<!-- This site is optimized with the Yoast SEO plugin v16.2 - https:\/\/yoast.com\/wordpress\/plugins\/seo\/ -->\n<title>Stickers \u00e9tiquettes - \u00e9tiquettes autocollantes sur-mesures \u00e0 coller partout<\/title>\n<meta name=\"description\" content=\"Autocollants personnalis\u00e9s de haute qualit\u00e9 \u00e0 coller partout, sur tous supports. Personnalisation simple et rapide pour commander des stickers personnalis\u00e9s.\" \/>\n<meta name=\"robots\" content=\"index, follow, max-snippet:-1, max-image-preview:large, max-video-preview:-1\" \/>\n<link rel=\"canonical\" href=\"https:\/\/stickers-etiquettes.ch\/\" \/>\n<meta property=\"og:locale\" content=\"fr_FR\" \/>\n<meta property=\"og:type\" content=\"article\" \/>\n<meta property=\"og:title\" content=\"Stickers \u00e9tiquettes - \u00e9tiquettes autocollantes sur-mesures \u00e0 coller partout\" \/>\n<meta property=\"og:description\" content=\"Autocollants personnalis\u00e9s de haute qualit\u00e9 \u00e0 coller partout, sur tous supports. Personnalisation simple et rapide pour commander des stickers personnalis\u00e9s.\" \/>\n<meta property=\"og:url\" content=\"https:\/\/stickers-etiquettes.ch\/\" \/>\n<meta property=\"og:site_name\" content=\"Stickers \u00e9tiquettes\" \/>\n<meta property=\"article:modified_time\" content=\"2019-10-29T14:20:06+00:00\" \/>\n<meta name=\"twitter:card\" content=\"summary_large_image\" \/>\n<script type=\"application\/ld+json\" class=\"yoast-schema-graph\">{\"@context\":\"https:\/\/schema.org\",\"@graph\":[{\"@type\":\"WebSite\",\"@id\":\"https:\/\/stickers-etiquettes.ch\/#website\",\"url\":\"https:\/\/stickers-etiquettes.ch\/\",\"name\":\"Stickers \\u00e9tiquettes\",\"description\":\"\\u00e9tiquettes autocollantes \\u00e0 coller partout\",\"potentialAction\":[{\"@type\":\"SearchAction\",\"target\":\"https:\/\/stickers-etiquettes.ch\/?s={search_term_string}\",\"query-input\":\"required name=search_term_string\"}],\"inLanguage\":\"fr-FR\"},{\"@type\":\"WebPage\",\"@id\":\"https:\/\/stickers-etiquettes.ch\/#webpage\",\"url\":\"https:\/\/stickers-etiquettes.ch\/\",\"name\":\"Stickers \\u00e9tiquettes - \\u00e9tiquettes autocollantes sur-mesures \\u00e0 coller partout\",\"isPartOf\":{\"@id\":\"https:\/\/stickers-etiquettes.ch\/#website\"},\"datePublished\":\"2015-05-26T11:02:45+00:00\",\"dateModified\":\"2019-10-29T14:20:06+00:00\",\"description\":\"Autocollants personnalis\\u00e9s de haute qualit\\u00e9 \\u00e0 coller partout, sur tous supports. Personnalisation simple et rapide pour commander des stickers personnalis\\u00e9s.\",\"breadcrumb\":{\"@id\":\"https:\/\/stickers-etiquettes.ch\/#breadcrumb\"},\"inLanguage\":\"fr-FR\",\"potentialAction\":[{\"@type\":\"ReadAction\",\"target\":[\"https:\/\/stickers-etiquettes.ch\/\"]}]},{\"@type\":\"BreadcrumbList\",\"@id\":\"https:\/\/stickers-etiquettes.ch\/#breadcrumb\",\"itemListElement\":[{\"@type\":\"ListItem\",\"position\":1,\"item\":{\"@type\":\"WebPage\",\"@id\":\"https:\/\/stickers-etiquettes.ch\/\",\"url\":\"https:\/\/stickers-etiquettes.ch\/\",\"name\":\"Accueil\"}},{\"@type\":\"ListItem\",\"position\":2,\"item\":{\"@id\":\"https:\/\/stickers-etiquettes.ch\/#webpage\"}}]}]}<\/script>\n<!-- \/ Yoast SEO plugin. -->","_links":{"self":[{"href":"https:\/\/stickers-etiquettes.ch\/index.php\/wp-json\/wp\/v2\/pages\/2258"}],"collection":[{"href":"https:\/\/stickers-etiquettes.ch\/index.php\/wp-json\/wp\/v2\/pages"}],"about":[{"href":"https:\/\/stickers-etiquettes.ch\/index.php\/wp-json\/wp\/v2\/types\/page"}],"author":[{"embeddable":true,"href":"https:\/\/stickers-etiquettes.ch\/index.php\/wp-json\/wp\/v2\/users\/1"}],"replies":[{"embeddable":true,"href":"https:\/\/stickers-etiquettes.ch\/index.php\/wp-json\/wp\/v2\/comments?post=2258"}],"version-history":[{"count":2,"href":"https:\/\/stickers-etiquettes.ch\/index.php\/wp-json\/wp\/v2\/pages\/2258\/revisions"}],"predecessor-version":[{"id":2315,"href":"https:\/\/stickers-etiquettes.ch\/index.php\/wp-json\/wp\/v2\/pages\/2258\/revisions\/2315"}],"wp:attachment":[{"href":"https:\/\/stickers-etiquettes.ch\/index.php\/wp-json\/wp\/v2\/media?parent=2258"}],"curies":[{"name":"wp","href":"https:\/\/api.w.org\/{rel}","templated":true}]}}